{"id":209,"date":"2019-12-31T08:38:43","date_gmt":"2019-12-31T08:38:43","guid":{"rendered":"http:\/\/wilmas-garden-aparthotel.ms.decms.eu\/?page_id=209"},"modified":"2020-02-05T16:47:49","modified_gmt":"2020-02-05T16:47:49","slug":"privacy-policy","status":"publish","type":"page","link":"https:\/\/www.wilmas.at\/en\/privacy-policy\/","title":{"rendered":"Privacy Policy"},"content":{"rendered":"<p>Anbieter und verantwortliche Stelle gem\u00e4\u00df EU-DSGVO:<\/p>\n<p>WG Hotelbetrieb GmbH<\/p>\n<p>Am Kellerberg 59, 3250 Wieselburg, \u00d6sterreich<\/p>\n<p>Email: <a href=\"mailto:office@wilmas.at\">office@wilmas.at<\/a><\/p>\n<p>Tel: +43 (0)1 905 3030<\/p>\n<p>Kontaktstelle des Verantwortlichen f\u00fcr Fragen zum Datenschutz: <a href=\"mailto:office@wilmas.at\">office@wilmas.at<\/a><\/p>\n<h1>Geltungsbereich<\/h1>\n<p>Diese Datenschutzerkl\u00e4rung enth\u00e4lt relevante Informationen hinsichtlich der vom Verantwortlichen betriebenen Datenverarbeitungen sowie die in diesem Zusammenhang stehenden Datenschutzpraktiken. Sie informiert betroffene Personen vor allem hinsichtlich der Art, des Umfanges und des Zweckes der sie betreffenden Datenerhebungen und -verarbeitungen.<\/p>\n<h1>Genderklausel<\/h1>\n<p>Aus Gr\u00fcnden der leichteren Lesbarkeit wird jeweils nur die m\u00e4nnliche Form der Bezeichnung (z. B. Patient) verwendet. Soweit im Laufe dieser Erkl\u00e4rung personenbezogene Bezeichnungen nur in m\u00e4nnlicher Form angef\u00fchrt sind, beziehen sie sich auf M\u00e4nner und Frauen in gleicher Weise.<\/p>\n<h1>Allgemeines<\/h1>\n<p>Der Schutz und die Sicherheit Ihrer pers\u00f6nlichen Daten sind uns ein wichtiges Anliegen. Diese Webseite speichert und verarbeitet Daten daher ausschlie\u00dflich im Sinne der \u00f6sterreichischen und europ\u00e4ischen Datenschutzgrundverordnung (DSGVO). Sie als Nutzer stimmen der Datenverarbeitung im Sinne dieser Erkl\u00e4rung zu. Die aktuelle Fassung der DSGVO finden Sie unter <a href=\"http:\/\/eur-lex.europa.eu\/legal-content\/DE\/TXT\/HTML\/?uri=CELEX:32016R0679&amp;from=DE\">http:\/\/eur-lex.europa.eu\/legal-content\/DE\/TXT\/HTML\/?uri=CELEX:32016R0679&amp;from=DE<\/a>.<\/p>\n<p>Wir weisen darauf hin, dass die Daten\u00fcbertragung im Internet (z. B. bei der Kommunikation per E-Mail oder \u00fcber nicht verschl\u00fcsselte Webseiten) Sicherheitsl\u00fccken aufweisen kann. Ein l\u00fcckenloser Schutz der Daten vor dem Zugriff durch Dritte ist nicht m\u00f6glich.<\/p>\n<p>Die Nutzung unserer Angebote ist, soweit technisch durchf\u00fchrbar, ohne die Angabe personenbezogener Daten m\u00f6glich. Eine zus\u00e4tzliche Angabe personenbezogener Daten (beispielsweise Name, Anschrift oder E-Mail-Adressen) erfolgt i. d. R. auf freiwilliger Basis. Diese Daten werden ohne Ihre ausdr\u00fcckliche Zustimmung nicht an Dritte weitergegeben.<\/p>\n<h2>Datenschutzprinzipien<\/h2>\n<p>Im Zusammenhang mit der Verarbeitung Ihrer Daten achten wir stets darauf, die geltenden Datenschutzprinzipien gem\u00e4\u00df Art. 5 EU-DSGVO durch angemessene Ma\u00dfnahmen zur Transparenz und Sicherheit einzuhalten. Sofern Sie Bedenken in diesem Zusammenhang haben, lassen Sie uns dies wissen und setzen Sie sich ggf. mit uns in Kontakt. Wir sind stets bem\u00fcht, den Anforderungen der betroffenen Personen gerecht zu werden.<\/p>\n<h2>Ihre Rechte<\/h2>\n<p>Ihnen stehen grunds\u00e4tzlich alle in Kapitel 3 EU-DSGVO gelisteten Rechte im Zusammenhang mit Ihren personenbezogenen Daten zu. Dies inkludiert:<\/p>\n<ul>\n<li>Recht auf Auskunft<\/li>\n<li>Recht auf Berichtigung<\/li>\n<li>Recht auf L\u00f6schung<\/li>\n<li>Recht auf Einschr\u00e4nkung<\/li>\n<li>Recht auf Daten\u00fcbertragbarkeit<\/li>\n<li>Recht auf Widerruf und Widerspruch<\/li>\n<\/ul>\n<p>Weitere Informationen finden Sie in den Artikeln 12-23 EU-DSGVO.<\/p>\n<p>F\u00fcr den Zweck der Aus\u00fcbung eines dieser Rechte oder einer diesbez\u00fcglichen Frage, kontaktieren Sie bitte gm@parks73.com<\/p>\n<p>Um eine Datensperre jederzeit ber\u00fccksichtigen zu k\u00f6nnen, kann es erforderlich sein, Daten f\u00fcr Kontrollzwecke in einer Sperrdatei vorzuhalten. Besteht keine gesetzliche Archivierungspflicht, k\u00f6nnen Sie auch die L\u00f6schung der Daten verlangen. Anderenfalls sperren wir die Daten, sofern Sie dies w\u00fcnschen.<\/p>\n<h3>Wenn Sie glauben, dass die Verarbeitung Ihrer Daten gegen das Datenschutzrecht verst\u00f6\u00dft oder Ihre datenschutzrechtlichen Anspr\u00fcche sonst in einer Weise verletzt worden sind, k\u00f6nnen Sie sich weiters bei der f\u00fcr Sie zust\u00e4ndigen oder auch sonst jeglicher Datenschutzbeh\u00f6rde innerhalb der EU beschweren. Die Kontaktadresse der \u00f6sterreichischen Datenschutzbeh\u00f6rde finden Sie unter <a href=\"https:\/\/www.dsb.gv.at\/\">https:\/\/www.dsb.gv.at\/<\/a>.<\/h3>\n<h3>Informationserfassung bei Besuch der Webseite<\/h3>\n<p>Sofern Sie auf die Inhalte der von Towns Hotel GmbH (in weiterer Folge \u201eTowns\u201c oder \u201ewir\u201c) angebotenen Onlinedienste zugreifen, werden durch uns sowie den zust\u00e4ndigen Webspace-Provider einige personenbezogene Daten automatisch erfasst (Server Logfiles).<\/p>\n<p>Jene Server Logfiles zeichnen unter anderem folgende Inhalte auf:<\/p>\n<ul>\n<li>Name der Webseite, auf die zugegriffen wird<\/li>\n<li>Datei, auf die ein Zugriff erfolgt<\/li>\n<li>Datum des Zugriffs<\/li>\n<li>Die Datenmenge<\/li>\n<li>Metadaten Ihres Systems: Webbrowser und Webbrowser-Version, Betriebssystem<\/li>\n<li>IP-Adresse, mit der der Zugriff erfolgte<\/li>\n<li>Dom\u00e4nenname des Internet Service Providers (Referenz-URL)<\/li>\n<\/ul>\n<p>Diese Daten sind f\u00fcr die technische Erbringung unseres Online-Angebots erforderlich, da sonst ein Zugriff auf diese nicht erm\u00f6glicht werden k\u00f6nnte. Eine Verwendung ist daher zwingend erforderlich.<\/p>\n<p>Weiters verwenden wir diese Informationen f\u00fcr statistische Zwecke, um unser Angebot und die dahinterliegende Technik zu optimieren.<\/p>\n<p>Sofern ein Verdacht auf rechtswidrige Nutzung unserer Angebote besteht, behalten wir uns zudem das Recht vor, Server Logfiles diesbez\u00fcglich zu kontrollieren, um entsprechende Ma\u00dfnahmen einleiten zu k\u00f6nnen<\/p>\n<h1>Cookies<\/h1>\n<p>Diese Webseite verwendet sogenannte Cookies. Das sind Textdateien, die vom Server aus auf Ihrem Rechner gespeichert werden. Sie enthalten Informationen zum Browser, zur IP-Adresse, dem Betriebssystem und zur Internetverbindung. Diese Daten werden von uns nicht an Dritte weitergegeben oder ohne Ihre Zustimmung mit personenbezogenen Daten verkn\u00fcpft.<\/p>\n<p>Cookies erf\u00fcllen vor allem zwei Aufgaben. Sie helfen uns, Ihnen die Navigation durch unser Angebot zu erleichtern, und erm\u00f6glichen die korrekte Darstellung der Webseite. Ein sonstiger Zugriff auf Ihr System findet nicht statt.<\/p>\n<p>Konkret verwendet unsere Webseite folgende Cookies, die personenbezogene Daten speichern:<\/p>\n<p>1) Cookie name: _ga<br \/>\nType: HTTP<br \/>\nExpiry: 2 years<br \/>\nCookie purpose description: Registers a unique ID that is used to generate statistical data on how the visitor uses the web site.<br \/>\nSource: https:\/\/www.googletagmanager.com\/gtm.js?id=GTM-KKD942Q<br \/>\n2) Cookie name: _gat<br \/>\nType: HTTP<br \/>\nExpiry: 1 day<br \/>\nCookie purpose: Used by Google Analytics to throttle request rate<br \/>\nSource: https:\/\/www.googletagmanag er.com\/gtm.js?id=GTM-KKD942Q<br \/>\n3) Cookie name: _gid<br \/>\nType: HTTP<br \/>\nExpiry: 1 day<br \/>\nCookie purpose description: Registers a unique ID that is used to generate statistical data on how the visitor uses the website.<br \/>\nSource: Source: https:\/\/www.googletagmanag er.com\/gtm.js?id=GTM-KKD942Q<br \/>\n4) Cookie name: collect<br \/>\nType: Pixel<br \/>\nExpiry: Session<br \/>\nCookie purpose description: Used to send data to Google Analytics about the visitor&#8217;s device and behavior. Tracks the visitor across<br \/>\ndevices and marketing channels.<br \/>\nSource: https:\/\/www.google-analytics.com\/<br \/>\n5) Cookie name: fb_cookie_law_gdpr<br \/>\ntype: HTTP<br \/>\nExpiry: 6 days<br \/>\nsource: https:\/\/staticaws.fbwebprogram.com\/fbcdn\/jquery_plugins\/fb-cookie-law\/fb-cookie-law.min.js<\/p>\n<p>Sofern gew\u00fcnscht, bieten wir unseren Benutzern zudem die M\u00f6glichkeit, unsere Angebote ohne Cookies aufzurufen. Dazu m\u00fcssen die vorhandenen Browsereinstellungen entsprechend angepasst werden \u2013 n\u00e4here Informationen finden Sie hierzu in der Hilfsfunktion Ihres Browsers mit Hinweisen, wie Cookies zu deaktivieren sind. Dies kann jedoch zu einer Beeintr\u00e4chtigung der Funktionalit\u00e4t der von uns angebotenen Services f\u00fchren.<br \/>\nSie k\u00f6nnen zudem die Seiten <a href=\"http:\/\/www.youronlinechoices.com\/uk\/your-ad-choices\">http:\/\/www.youronlinechoices.com\/uk\/your-ad-choices<\/a> (EU) und <a href=\"http:\/\/optout.aboutads.info\/?c=2&amp;lang=EN\">http:\/\/optout.aboutads.info\/?c=2&amp;lang=EN<\/a> (USA) verwenden, um die Online-Anzeigen-Cookies zu verwalten.<\/p>\n<h1>Abwicklung von Online-Buchungen<\/h1>\n<p>Sofern Sie sich entschlie\u00dfen, \u00fcber unsere Webseite eine Buchung unserer Services (Zimmerreservierung) vorzunehmen, so verarbeiten wir in diesem Zusammenhang wiederum Daten. Dies ist erforderlich, um unseren internen Buchungsprozess abzuwickeln und damit Ihre Anfrage erfolgreich verarbeiten und beantworten zu k\u00f6nnen. Diese Verarbeitung Ihrer Daten basiert auf Art. 6 Abs. 1 lit. b EU-DSGVO.<\/p>\n<p>Hierbei verarbeiten wir die folgenden Ihrer Daten (sofern zum Zeitpunkt der Buchung angegeben):<\/p>\n<ul>\n<li>Ihre E-Mail-Adresse<\/li>\n<li>Ihren Vor- und Nachnamen<\/li>\n<li>Den Vor- und Nachnamen mitreisender Personen<\/li>\n<li>Ihr Geburtsdatum<\/li>\n<li>Eine Identifikationsnummer\/Ausweisnummer eines g\u00fcltigen Reisedokuments\/europ\u00e4ischen Lichtbildausweises<\/li>\n<li>Anmerkungen, die Sie uns im Zuge der Buchung als Nachricht zukommen lassen<\/li>\n<\/ul>\n<p>Diese Daten werden in unserem internen System anschlie\u00dfend zu einem entsprechenden Buchungseintrag weiterverarbeitet und f\u00fcr die Dauer Ihres Besuches sowie dar\u00fcber hinaus f\u00fcr die Dauer geltender Aufbewahrungsfristen gespeichert.<\/p>\n<p>Sofern Sie damit einverstanden sind, k\u00f6nnen Sie weiters einwilligen, dass wir Ihre Daten f\u00fcr zuk\u00fcnftige Buchungen behalten, um Ihnen in weiterer Folge ein einfacheres und effizienteres Buchungserlebnis bei wiederholter Buchung bieten zu k\u00f6nnen. Sie werden auf die M\u00f6glichkeit dieser Einwilligung getrennt hingewiesen.<\/p>\n<h2>Buchung \u00fcber Drittplattformen<\/h2>\n<p>Sie besitzen ebenfalls die M\u00f6glichkeit, eine Buchung unserer Services \u00fcber Drittanbieter-Plattformen abzuschlie\u00dfen. In diesem Fall beachten Sie bitte die von diesen Anbietern geltenden Datenschutzrichtlinien.<\/p>\n<p>In der Regel erfassen jene Drittplattformen die identen Daten, die Sie auch an uns \u00fcbermitteln, sofern Sie eine Buchung \u00fcber unsere Webseite durchf\u00fchren. Diese Daten werden in weiterer Folge automatisiert durch die Drittplattform verarbeitet, aufbereitet und anschlie\u00dfend an unser internes Buchungssystem \u00fcbermittelt, wo wiederum unser interner Buchungsprozess abgewickelt wird.<\/p>\n<h1>Facebook und Instagram<\/h1>\n<p>Wir betreiben im Zuge unserer \u00d6ffentlichkeitsarbeit sogenannte \u201eFanpages\u201c auf den Onlineplattformen Facebook und Instagram. Die wesentlichen Inhalte dieser \u201eFanpages\u201c werden dabei durch die jeweiligen Drittanbieter der Onlineplattformen bereitgestellt, namentlich der Facebook Inc., 1 Hacker Way, Menlo Park, California 94025, USA (Facebook) und der Instagram Inc., 1601 Willow Road, Menlo Park, CA, 94025, USA (Instagram).<\/p>\n<p>Da die Seitenbetreiber diese Fanpages neben den eigentlichen Drittanbietern jedoch im Sinne des Art. 26 EU-DSGVO als gemeinsame Verantwortliche gelten, weisen wir Sie darauf hin, dass wir ebenfalls gewisse Daten, die Sie bei dem Besuch und Zugriff auf unsere Fanpages an die Anbieter dieser Dienste \u00fcbertragen, erhalten, und einer entsprechenden Vereinbarung unterliegen \u2013 siehe <a href=\"https:\/\/www.facebook.com\/legal\/terms\/information_about_page_insights_data\">hier<\/a>.<\/p>\n<p>Generell werden uns von jenen Drittanbietern folgende Daten in anonymisierter Form bereitgestellt:<\/p>\n<ul>\n<li>Informationen \u00fcber Personen (Statistische Daten bei \u201eGef\u00e4llt mir\u201c-Angaben, Reichweite in Anzahl der Personen, Aktive Benutzerzahlen)<\/li>\n<li>\u201eGef\u00e4llt mir\u201c-Statistiken (Anzahl, Zunahmen, nach Zielgruppen sortierte Auswertungen)<\/li>\n<li>Reichweite der ver\u00f6ffentlichten Beitr\u00e4ge<\/li>\n<li>Besucherinformationen (Zugriffe, Dauer, Verhalten, Externe Weiterleitungen zu Inhalten)<\/li>\n<li>Beitr\u00e4ge (Zugriffe, Beliebtheit, Reichweite, Interaktionen)<\/li>\n<li>Video-Informationen (Dauer der Ansichten, H\u00e4ufigkeit der Ansichten, Beliebtheit)<\/li>\n<\/ul>\n<p>Leider ist es nicht vollst\u00e4ndig m\u00f6glich, Einsicht in die durch Facebook und Instagram verarbeiteten Daten zu erhalten, wodurch nicht garantiert werden kann, dass sonst kein Zugriff auf weitere personenbezogene Daten erm\u00f6glicht wird. Wir sind jedoch \u00e4u\u00dferst bedacht darauf, keinerlei Daten, die unter irgendeine Art der Privatsph\u00e4re einer betroffenen Person fallen k\u00f6nnten, ohne deren Zustimmung zu verwenden. Weiters werden wir auch keine Daten f\u00fcr die \u00fcber die in dieser Datenschutzerkl\u00e4rung dargelegten Zwecke, in Falle der \u201eFanpages\u201c f\u00fcr den Betrieb der \u00d6ffentlichkeitsarbeit und Information m\u00f6glicher Interessenten \u00fcber neue Produkte und Services unseres Unternehmens, hinaus verwenden.<\/p>\n<p>Bitte beachten Sie \u00fcber diese Angaben hinaus, dass f\u00fcr alle weiteren Aspekte der Nutzung der Onlineangebote unserer Fanpages prim\u00e4r Facebook sowie Instagram als Verantwortliche agieren. Die dabei geltenden Datenschutzregelungen finden Sie unter den folgenden Adressen:<\/p>\n<ul>\n<li>Facebook\n<ul>\n<li>Datenschutzrichtlinie: <a href=\"https:\/\/www.facebook.com\/about\/privacy\/update\">https:\/\/www.facebook.com\/about\/privacy\/update<\/a><\/li>\n<li>Seiten-Insights-Information: <a href=\"https:\/\/www.facebook.com\/legal\/terms\/information_about_page_insights_data\">https:\/\/www.facebook.com\/legal\/terms\/information_about_page_insights_data<\/a><\/li>\n<li>Seiten-Insights-Erg\u00e4nzung: <a href=\"https:\/\/www.facebook.com\/legal\/terms\/page_controller_addendum\">https:\/\/www.facebook.com\/legal\/terms\/page_controller_addendum<\/a><\/li>\n<li>Cookie-Richtlinie: <a href=\"https:\/\/www.facebook.com\/policies\/cookies\/\">https:\/\/www.facebook.com\/policies\/cookies\/<\/a><\/li>\n<\/ul>\n<\/li>\n<li>Instagram\n<ul>\n<li>Datenschutzrichtlinie und \u00dcbersichtsseite: <a href=\"https:\/\/help.instagram.com\/519522125107875\">https:\/\/help.instagram.com\/519522125107875<\/a><\/li>\n<\/ul>\n<\/li>\n<\/ul>\n<h1>Bewerber<\/h1>\n<p>Sollten Sie sich f\u00fcr ein Dienstverh\u00e4ltnis beim Verantwortlichen bewerben, so \u00fcbermitteln Sie in diesem Zusammenhang ebenfalls personenbezogene Daten an den Verantwortlichen. Diese Daten dienen der Abwicklung eines Bewerbungsverfahrens und werden daher auf der Rechtsgrundlage eines vorvertraglichen Verh\u00e4ltnisses verarbeitet \u2013 siehe Art. 6 Abs. 1 lit. b DSGVO, ggf. i.V.m. Art. 9 Abs. 2 lit. b DSGVO.<\/p>\n<p>Da Sie den genauen Inhalt und Umfang der von Ihnen im Zuge einer Bewerbung \u00fcbermittelten personenbezogenen Daten bestimmen, k\u00f6nnen wir hier keine vollst\u00e4ndige Auflistung der m\u00f6glicherweise enthaltenen Datenkategorien machen. Wir weisen jedoch darauf hin, dass wir stets nur zwingend f\u00fcr die Bewerbung erforderliche Daten von Ihnen anfordern werden. In der Regel umfassen die von Ihnen \u00fcbermittelten Daten folgende Punkte:<\/p>\n<ul>\n<li>Angaben zu Ihren Motivationen und Bewerbungsgr\u00fcnden<\/li>\n<li>Auszug Ihrer Qualifikationen und Ausbildungen<\/li>\n<li>Strukturierten Lebenslauf<\/li>\n<li>Nachweise oder Kopien ausgew\u00e4hlter Zeugnisse und\/oder Urkunden<\/li>\n<\/ul>\n<p>Diese Daten werden in weiterer Folge unseres internen Bewerbungsverfahrens an die f\u00fcr die Abwicklung des Bewerbungsprozesses verantwortlichen Mitarbeiter weitergeleitet. Dies inkludiert interne Mitarbeiterinnen und Mitarbeiter unserer Personalabteilung, Fachexpertinnen und Fachexperten sowie potentielle Vorgesetzte.<\/p>\n<p>Eine Weitergabe Ihrer Daten an Dritte findet nicht statt.<\/p>\n<h2>Evidenzhaltung<\/h2>\n<p>Falls Sie einen Arbeitsvertrag mit uns schlie\u00dfen, bewahren wir Ihre Bewerbungsdaten f\u00fcr die Dauer des Dienstverh\u00e4ltnisses sowie gem\u00e4\u00df der hierf\u00fcr g\u00fcltigen Aufbewahrungsfristen auf.<\/p>\n<p>Falls kein Arbeitsvertrag zustande kommt, bewahren wir Ihre Daten f\u00fcr weitere sechs Monate auf (u. a. \u00a715 GlBG). Falls Sie zuk\u00fcnftig \u00fcber offene Stellen informiert werden m\u00f6chten (Evidenzhaltung), k\u00f6nnen Sie uns hierf\u00fcr gesondert Ihre nachweisliche Einwilligung geben.<\/p>\n<h1>Kontaktformular<\/h1>\n<p>Wenn Sie per Formular auf der Website oder per E-Mail Kontakt mit uns aufnehmen, werden Ihre angegebenen Daten zwecks Bearbeitung der Anfrage und f\u00fcr den Fall von Anschlussfragen sechs Monate bei uns gespeichert. Diese Angaben inkludieren (sofern Sie diese an uns weitergeben):<\/p>\n<ul>\n<li>Ihre IP-Adresse<\/li>\n<li>Ihre E-Mail-Adresse<\/li>\n<li>Ihren Vor- und Nachnamen<\/li>\n<li>Den von Ihnen \u00fcbermittelten Inhalt (Nachrichtentext)<\/li>\n<\/ul>\n<p>Diese Daten geben wir nicht ohne Ihre Einwilligung weiter.<\/p>\n<h1>\u00c4nderungen<\/h1>\n<p>Um zu gew\u00e4hrleisten, dass unsere Datenschutzerkl\u00e4rung stets den aktuellen gesetzlichen Vorgaben entspricht, behalten wir uns jederzeit \u00c4nderungen vor. Das gilt auch f\u00fcr den Fall, dass die Datenschutzerkl\u00e4rung aufgrund neuer oder \u00fcberarbeiteter Leistungen, zum Beispiel neuer Serviceleistungen, angepasst werden muss. Die neue Datenschutzerkl\u00e4rung greift dann bei Ihrem n\u00e4chsten Besuch auf unserem Angebot.<\/p>\n","protected":false},"excerpt":{"rendered":"<p>Anbieter und verantwortliche Stelle gem\u00e4\u00df EU-DSGVO: WG Hotelbetrieb GmbH Am Kellerberg 59, 3250 Wieselburg, \u00d6sterreich Email: office@wilmas.at Tel: +43 (0)1 905 3030 Kontaktstelle des Verantwortlichen f\u00fcr Fragen zum Datenschutz: office@wilmas.at Geltungsbereich Diese Datenschutzerkl\u00e4rung enth\u00e4lt relevante Informationen hinsichtlich der vom Verantwortlichen betriebenen Datenverarbeitungen sowie die in diesem Zusammenhang stehenden Datenschutzpraktiken. Sie informiert betroffene Personen vor allem [&hellip;]<\/p>\n","protected":false},"author":36,"featured_media":0,"parent":0,"menu_order":250,"comment_status":"closed","ping_status":"closed","template":"","meta":{"footnotes":""},"class_list":["post-209","page","type-page","status-publish","hentry"],"yoast_head":"<!-- This site is optimized with the Yoast SEO plugin v26.9 - https:\/\/yoast.com\/product\/yoast-seo-wordpress\/ -->\n<title>Privacy Policy - Wilmas Garden Aparthotel<\/title>\n<meta name=\"robots\" content=\"index, follow, max-snippet:-1, max-image-preview:large, max-video-preview:-1\" \/>\n<link rel=\"canonical\" href=\"https:\/\/www.wilmas.at\/en\/privacy-policy\/\" \/>\n<meta property=\"og:locale\" content=\"en_US\" \/>\n<meta property=\"og:type\" content=\"article\" \/>\n<meta property=\"og:title\" content=\"Privacy Policy - Wilmas Garden Aparthotel\" \/>\n<meta property=\"og:description\" content=\"Anbieter und verantwortliche Stelle gem\u00e4\u00df EU-DSGVO: WG Hotelbetrieb GmbH Am Kellerberg 59, 3250 Wieselburg, \u00d6sterreich Email: office@wilmas.at Tel: +43 (0)1 905 3030 Kontaktstelle des Verantwortlichen f\u00fcr Fragen zum Datenschutz: office@wilmas.at Geltungsbereich Diese Datenschutzerkl\u00e4rung enth\u00e4lt relevante Informationen hinsichtlich der vom Verantwortlichen betriebenen Datenverarbeitungen sowie die in diesem Zusammenhang stehenden Datenschutzpraktiken. Sie informiert betroffene Personen vor allem [&hellip;]\" \/>\n<meta property=\"og:url\" content=\"https:\/\/www.wilmas.at\/en\/privacy-policy\/\" \/>\n<meta property=\"og:site_name\" content=\"Wilmas Garden Aparthotel\" \/>\n<meta property=\"article:modified_time\" content=\"2020-02-05T16:47:49+00:00\" \/>\n<meta name=\"twitter:card\" content=\"summary_large_image\" \/>\n<meta name=\"twitter:label1\" content=\"Est. reading time\" \/>\n\t<meta name=\"twitter:data1\" content=\"10 minutes\" \/>\n<script type=\"application\/ld+json\" class=\"yoast-schema-graph\">{\"@context\":\"https:\/\/schema.org\",\"@graph\":[{\"@type\":\"WebPage\",\"@id\":\"https:\/\/www.wilmas.at\/en\/privacy-policy\/\",\"url\":\"https:\/\/www.wilmas.at\/en\/privacy-policy\/\",\"name\":\"Privacy Policy - Wilmas Garden Aparthotel\",\"isPartOf\":{\"@id\":\"https:\/\/www.wilmas.at\/en\/#website\"},\"datePublished\":\"2019-12-31T08:38:43+00:00\",\"dateModified\":\"2020-02-05T16:47:49+00:00\",\"breadcrumb\":{\"@id\":\"https:\/\/www.wilmas.at\/en\/privacy-policy\/#breadcrumb\"},\"inLanguage\":\"en-US\",\"potentialAction\":[{\"@type\":\"ReadAction\",\"target\":[\"https:\/\/www.wilmas.at\/en\/privacy-policy\/\"]}]},{\"@type\":\"BreadcrumbList\",\"@id\":\"https:\/\/www.wilmas.at\/en\/privacy-policy\/#breadcrumb\",\"itemListElement\":[{\"@type\":\"ListItem\",\"position\":1,\"name\":\"Home\",\"item\":\"https:\/\/www.wilmas.at\/en\/\"},{\"@type\":\"ListItem\",\"position\":2,\"name\":\"Privacy Policy\"}]},{\"@type\":\"WebSite\",\"@id\":\"https:\/\/www.wilmas.at\/en\/#website\",\"url\":\"https:\/\/www.wilmas.at\/en\/\",\"name\":\"Wilmas Garden Aparthotel\",\"description\":\"Just another ms.decms.eu site\",\"potentialAction\":[{\"@type\":\"SearchAction\",\"target\":{\"@type\":\"EntryPoint\",\"urlTemplate\":\"https:\/\/www.wilmas.at\/en\/?s={search_term_string}\"},\"query-input\":{\"@type\":\"PropertyValueSpecification\",\"valueRequired\":true,\"valueName\":\"search_term_string\"}}],\"inLanguage\":\"en-US\"}]}<\/script>\n<!-- \/ Yoast SEO plugin. -->","yoast_head_json":{"title":"Privacy Policy - Wilmas Garden Aparthotel","robots":{"index":"index","follow":"follow","max-snippet":"max-snippet:-1","max-image-preview":"max-image-preview:large","max-video-preview":"max-video-preview:-1"},"canonical":"https:\/\/www.wilmas.at\/en\/privacy-policy\/","og_locale":"en_US","og_type":"article","og_title":"Privacy Policy - Wilmas Garden Aparthotel","og_description":"Anbieter und verantwortliche Stelle gem\u00e4\u00df EU-DSGVO: WG Hotelbetrieb GmbH Am Kellerberg 59, 3250 Wieselburg, \u00d6sterreich Email: office@wilmas.at Tel: +43 (0)1 905 3030 Kontaktstelle des Verantwortlichen f\u00fcr Fragen zum Datenschutz: office@wilmas.at Geltungsbereich Diese Datenschutzerkl\u00e4rung enth\u00e4lt relevante Informationen hinsichtlich der vom Verantwortlichen betriebenen Datenverarbeitungen sowie die in diesem Zusammenhang stehenden Datenschutzpraktiken. Sie informiert betroffene Personen vor allem [&hellip;]","og_url":"https:\/\/www.wilmas.at\/en\/privacy-policy\/","og_site_name":"Wilmas Garden Aparthotel","article_modified_time":"2020-02-05T16:47:49+00:00","twitter_card":"summary_large_image","twitter_misc":{"Est. reading time":"10 minutes"},"schema":{"@context":"https:\/\/schema.org","@graph":[{"@type":"WebPage","@id":"https:\/\/www.wilmas.at\/en\/privacy-policy\/","url":"https:\/\/www.wilmas.at\/en\/privacy-policy\/","name":"Privacy Policy - Wilmas Garden Aparthotel","isPartOf":{"@id":"https:\/\/www.wilmas.at\/en\/#website"},"datePublished":"2019-12-31T08:38:43+00:00","dateModified":"2020-02-05T16:47:49+00:00","breadcrumb":{"@id":"https:\/\/www.wilmas.at\/en\/privacy-policy\/#breadcrumb"},"inLanguage":"en-US","potentialAction":[{"@type":"ReadAction","target":["https:\/\/www.wilmas.at\/en\/privacy-policy\/"]}]},{"@type":"BreadcrumbList","@id":"https:\/\/www.wilmas.at\/en\/privacy-policy\/#breadcrumb","itemListElement":[{"@type":"ListItem","position":1,"name":"Home","item":"https:\/\/www.wilmas.at\/en\/"},{"@type":"ListItem","position":2,"name":"Privacy Policy"}]},{"@type":"WebSite","@id":"https:\/\/www.wilmas.at\/en\/#website","url":"https:\/\/www.wilmas.at\/en\/","name":"Wilmas Garden Aparthotel","description":"Just another ms.decms.eu site","potentialAction":[{"@type":"SearchAction","target":{"@type":"EntryPoint","urlTemplate":"https:\/\/www.wilmas.at\/en\/?s={search_term_string}"},"query-input":{"@type":"PropertyValueSpecification","valueRequired":true,"valueName":"search_term_string"}}],"inLanguage":"en-US"}]}},"acf":[],"_links":{"self":[{"href":"https:\/\/www.wilmas.at\/en\/wp-json\/wp\/v2\/pages\/209","targetHints":{"allow":["GET"]}}],"collection":[{"href":"https:\/\/www.wilmas.at\/en\/wp-json\/wp\/v2\/pages"}],"about":[{"href":"https:\/\/www.wilmas.at\/en\/wp-json\/wp\/v2\/types\/page"}],"author":[{"embeddable":true,"href":"https:\/\/www.wilmas.at\/en\/wp-json\/wp\/v2\/users\/36"}],"replies":[{"embeddable":true,"href":"https:\/\/www.wilmas.at\/en\/wp-json\/wp\/v2\/comments?post=209"}],"version-history":[{"count":0,"href":"https:\/\/www.wilmas.at\/en\/wp-json\/wp\/v2\/pages\/209\/revisions"}],"wp:attachment":[{"href":"https:\/\/www.wilmas.at\/en\/wp-json\/wp\/v2\/media?parent=209"}],"curies":[{"name":"wp","href":"https:\/\/api.w.org\/{rel}","templated":true}]}}