{"id":207,"date":"2019-12-31T08:33:07","date_gmt":"2019-12-31T08:33:07","guid":{"rendered":"http:\/\/wilmas-garden-aparthotel.ms.decms.eu\/?page_id=207"},"modified":"2020-06-25T10:05:03","modified_gmt":"2020-06-25T10:05:03","slug":"impressum","status":"publish","type":"page","link":"https:\/\/www.wilmas.at\/en\/impressum\/","title":{"rendered":"Impressum"},"content":{"rendered":"<p>Impressum gem. \u00a724 &amp; Offenlegung gem. \u00a725 MedienG, sowie Informationspflicht gem. \u00a75 Abs. 1 E-Commerce-Gesetz<\/p>\n<p>WG Hotelbetrieb GmbH<\/p>\n<p>&nbsp;<\/p>\n<p>Impressum:<\/p>\n<p>F\u00fcr den Inhalt Verantwortlicher, Herausgeber und Medieninhaber:<\/p>\n<p>WG Hotelbetrieb GmbH<\/p>\n<p>Am Kellerberg 59, A-3250 Wieselburg<\/p>\n<p>E-Mail: <a href=\"mailto:info@wghotel.at\" target=\"_blank\" rel=\"noopener noreferrer\">info@wghotel.at<\/a><\/p>\n<p>T: +43 664 5367071<\/p>\n<p>UID: ATU 74203738<\/p>\n<p>&nbsp;<\/p>\n<p>Firmenbuch:<\/p>\n<p>FN 508820s LG St. P\u00f6lten<\/p>\n<p>Rechtsform GmbH<\/p>\n<p>Sitz: Wieselburg<\/p>\n<p>Mitglied der Wirtschaftskammer Wien<\/p>\n<p>Fachgruppen: Hotellerie<\/p>\n<p>Gesch\u00e4ftsf\u00fchrung: Wilma Grubm\u00fcller<\/p>\n<p>&nbsp;<\/p>\n<p>Trotz sorgf\u00e4ltiger inhaltlicher Kontrolle zum Zeitpunkt der Verlinkung k\u00f6nnen wir keine Haftung f\u00fcr die Inhalte externer Links \u00fcbernehmen. F\u00fcr den Inhalt der verlinkten Seiten sind ausschlie\u00dflich deren Betreiber verantwortlich.<\/p>\n<p>Sollte sich jedoch im Nachhinein herausstellen, dass wir auf Seiten mit rechtswidrigen Inhalten verweisen, so werden wir diese Links umgehend entfernen.<\/p>\n<p>Online-Streitbeilegungsplattform der Europ\u00e4ischen Union<\/p>\n<p>Verbraucher haben jederzeit die M\u00f6glichkeit, sich in Beschwerdef\u00e4llen im Zusammenhang mit der Abwicklung von Online-Kauf- oder Dienstleistungsvertr\u00e4gen an die Online-Streitbeilegungsplattform der Europ\u00e4ischen Union unter <a href=\"http:\/\/ec.europa.eu.\/odr\">http:\/\/ec.europa.eu.\/odr<\/a> zu wenden.<\/p>\n<p>Sie k\u00f6nnen Beschwerden aber auch direkt an uns unter folgender E-Mail-Adresse \u00fcbermitteln: <a href=\"mailto:welcome@wilmas.at\">welcome@wilmas.at<\/a><\/p>\n","protected":false},"excerpt":{"rendered":"<p>Impressum gem. \u00a724 &amp; Offenlegung gem. \u00a725 MedienG, sowie Informationspflicht gem. \u00a75 Abs. 1 E-Commerce-Gesetz WG Hotelbetrieb GmbH &nbsp; Impressum: F\u00fcr den Inhalt Verantwortlicher, Herausgeber und Medieninhaber: WG Hotelbetrieb GmbH Am Kellerberg 59, A-3250 Wieselburg E-Mail: info@wghotel.at T: +43 664 5367071 UID: ATU 74203738 &nbsp; Firmenbuch: FN 508820s LG St. P\u00f6lten Rechtsform GmbH Sitz: Wieselburg [&hellip;]<\/p>\n","protected":false},"author":36,"featured_media":0,"parent":0,"menu_order":200,"comment_status":"closed","ping_status":"closed","template":"","meta":{"footnotes":""},"class_list":["post-207","page","type-page","status-publish","hentry"],"yoast_head":"<!-- This site is optimized with the Yoast SEO plugin v26.9 - https:\/\/yoast.com\/product\/yoast-seo-wordpress\/ -->\n<title>Impressum - Wilmas Garden Aparthotel<\/title>\n<meta name=\"robots\" content=\"index, follow, max-snippet:-1, max-image-preview:large, max-video-preview:-1\" \/>\n<link rel=\"canonical\" href=\"https:\/\/www.wilmas.at\/en\/impressum\/\" \/>\n<meta property=\"og:locale\" content=\"en_US\" \/>\n<meta property=\"og:type\" content=\"article\" \/>\n<meta property=\"og:title\" content=\"Impressum - Wilmas Garden Aparthotel\" \/>\n<meta property=\"og:description\" content=\"Impressum gem. \u00a724 &amp; Offenlegung gem. \u00a725 MedienG, sowie Informationspflicht gem. \u00a75 Abs. 1 E-Commerce-Gesetz WG Hotelbetrieb GmbH &nbsp; Impressum: F\u00fcr den Inhalt Verantwortlicher, Herausgeber und Medieninhaber: WG Hotelbetrieb GmbH Am Kellerberg 59, A-3250 Wieselburg E-Mail: info@wghotel.at T: +43 664 5367071 UID: ATU 74203738 &nbsp; Firmenbuch: FN 508820s LG St. P\u00f6lten Rechtsform GmbH Sitz: Wieselburg [&hellip;]\" \/>\n<meta property=\"og:url\" content=\"https:\/\/www.wilmas.at\/en\/impressum\/\" \/>\n<meta property=\"og:site_name\" content=\"Wilmas Garden Aparthotel\" \/>\n<meta property=\"article:modified_time\" content=\"2020-06-25T10:05:03+00:00\" \/>\n<meta name=\"twitter:card\" content=\"summary_large_image\" \/>\n<meta name=\"twitter:label1\" content=\"Est. reading time\" \/>\n\t<meta name=\"twitter:data1\" content=\"1 minute\" \/>\n<script type=\"application\/ld+json\" class=\"yoast-schema-graph\">{\"@context\":\"https:\/\/schema.org\",\"@graph\":[{\"@type\":\"WebPage\",\"@id\":\"https:\/\/www.wilmas.at\/en\/impressum\/\",\"url\":\"https:\/\/www.wilmas.at\/en\/impressum\/\",\"name\":\"Impressum - Wilmas Garden Aparthotel\",\"isPartOf\":{\"@id\":\"https:\/\/www.wilmas.at\/en\/#website\"},\"datePublished\":\"2019-12-31T08:33:07+00:00\",\"dateModified\":\"2020-06-25T10:05:03+00:00\",\"breadcrumb\":{\"@id\":\"https:\/\/www.wilmas.at\/en\/impressum\/#breadcrumb\"},\"inLanguage\":\"en-US\",\"potentialAction\":[{\"@type\":\"ReadAction\",\"target\":[\"https:\/\/www.wilmas.at\/en\/impressum\/\"]}]},{\"@type\":\"BreadcrumbList\",\"@id\":\"https:\/\/www.wilmas.at\/en\/impressum\/#breadcrumb\",\"itemListElement\":[{\"@type\":\"ListItem\",\"position\":1,\"name\":\"Home\",\"item\":\"https:\/\/www.wilmas.at\/en\/\"},{\"@type\":\"ListItem\",\"position\":2,\"name\":\"Impressum\"}]},{\"@type\":\"WebSite\",\"@id\":\"https:\/\/www.wilmas.at\/en\/#website\",\"url\":\"https:\/\/www.wilmas.at\/en\/\",\"name\":\"Wilmas Garden Aparthotel\",\"description\":\"Just another ms.decms.eu site\",\"potentialAction\":[{\"@type\":\"SearchAction\",\"target\":{\"@type\":\"EntryPoint\",\"urlTemplate\":\"https:\/\/www.wilmas.at\/en\/?s={search_term_string}\"},\"query-input\":{\"@type\":\"PropertyValueSpecification\",\"valueRequired\":true,\"valueName\":\"search_term_string\"}}],\"inLanguage\":\"en-US\"}]}<\/script>\n<!-- \/ Yoast SEO plugin. -->","yoast_head_json":{"title":"Impressum - Wilmas Garden Aparthotel","robots":{"index":"index","follow":"follow","max-snippet":"max-snippet:-1","max-image-preview":"max-image-preview:large","max-video-preview":"max-video-preview:-1"},"canonical":"https:\/\/www.wilmas.at\/en\/impressum\/","og_locale":"en_US","og_type":"article","og_title":"Impressum - Wilmas Garden Aparthotel","og_description":"Impressum gem. \u00a724 &amp; Offenlegung gem. \u00a725 MedienG, sowie Informationspflicht gem. \u00a75 Abs. 1 E-Commerce-Gesetz WG Hotelbetrieb GmbH &nbsp; Impressum: F\u00fcr den Inhalt Verantwortlicher, Herausgeber und Medieninhaber: WG Hotelbetrieb GmbH Am Kellerberg 59, A-3250 Wieselburg E-Mail: info@wghotel.at T: +43 664 5367071 UID: ATU 74203738 &nbsp; Firmenbuch: FN 508820s LG St. P\u00f6lten Rechtsform GmbH Sitz: Wieselburg [&hellip;]","og_url":"https:\/\/www.wilmas.at\/en\/impressum\/","og_site_name":"Wilmas Garden Aparthotel","article_modified_time":"2020-06-25T10:05:03+00:00","twitter_card":"summary_large_image","twitter_misc":{"Est. reading time":"1 minute"},"schema":{"@context":"https:\/\/schema.org","@graph":[{"@type":"WebPage","@id":"https:\/\/www.wilmas.at\/en\/impressum\/","url":"https:\/\/www.wilmas.at\/en\/impressum\/","name":"Impressum - Wilmas Garden Aparthotel","isPartOf":{"@id":"https:\/\/www.wilmas.at\/en\/#website"},"datePublished":"2019-12-31T08:33:07+00:00","dateModified":"2020-06-25T10:05:03+00:00","breadcrumb":{"@id":"https:\/\/www.wilmas.at\/en\/impressum\/#breadcrumb"},"inLanguage":"en-US","potentialAction":[{"@type":"ReadAction","target":["https:\/\/www.wilmas.at\/en\/impressum\/"]}]},{"@type":"BreadcrumbList","@id":"https:\/\/www.wilmas.at\/en\/impressum\/#breadcrumb","itemListElement":[{"@type":"ListItem","position":1,"name":"Home","item":"https:\/\/www.wilmas.at\/en\/"},{"@type":"ListItem","position":2,"name":"Impressum"}]},{"@type":"WebSite","@id":"https:\/\/www.wilmas.at\/en\/#website","url":"https:\/\/www.wilmas.at\/en\/","name":"Wilmas Garden Aparthotel","description":"Just another ms.decms.eu site","potentialAction":[{"@type":"SearchAction","target":{"@type":"EntryPoint","urlTemplate":"https:\/\/www.wilmas.at\/en\/?s={search_term_string}"},"query-input":{"@type":"PropertyValueSpecification","valueRequired":true,"valueName":"search_term_string"}}],"inLanguage":"en-US"}]}},"acf":[],"_links":{"self":[{"href":"https:\/\/www.wilmas.at\/en\/wp-json\/wp\/v2\/pages\/207","targetHints":{"allow":["GET"]}}],"collection":[{"href":"https:\/\/www.wilmas.at\/en\/wp-json\/wp\/v2\/pages"}],"about":[{"href":"https:\/\/www.wilmas.at\/en\/wp-json\/wp\/v2\/types\/page"}],"author":[{"embeddable":true,"href":"https:\/\/www.wilmas.at\/en\/wp-json\/wp\/v2\/users\/36"}],"replies":[{"embeddable":true,"href":"https:\/\/www.wilmas.at\/en\/wp-json\/wp\/v2\/comments?post=207"}],"version-history":[{"count":0,"href":"https:\/\/www.wilmas.at\/en\/wp-json\/wp\/v2\/pages\/207\/revisions"}],"wp:attachment":[{"href":"https:\/\/www.wilmas.at\/en\/wp-json\/wp\/v2\/media?parent=207"}],"curies":[{"name":"wp","href":"https:\/\/api.w.org\/{rel}","templated":true}]}}